{"id":8959,"date":"2025-11-05T10:30:46","date_gmt":"2025-11-05T13:30:46","guid":{"rendered":"https:\/\/vandeschile.cl\/?post_type=product&#038;p=8959"},"modified":"2025-12-10T15:10:05","modified_gmt":"2025-12-10T18:10:05","slug":"vandes-max","status":"publish","type":"product","link":"https:\/\/staging.vandeschile.cl\/respaldo\/producto\/vandes-max\/","title":{"rendered":"Vandes Max"},"content":{"rendered":"<article class=\"text-token-text-primary w-full focus:outline-none [--shadow-height:45px] has-data-writing-block:pointer-events-none has-data-writing-block:-mt-(--shadow-height) has-data-writing-block:pt-(--shadow-height) [&amp;:has([data-writing-block])&gt;*]:pointer-events-auto [content-visibility:auto] supports-[content-visibility:auto]:[contain-intrinsic-size:auto_100lvh] scroll-mt-[calc(var(--header-height)+min(200px,max(70px,20svh)))]\" dir=\"auto\" tabindex=\"-1\" data-turn-id=\"444f8cf9-6d10-4636-88d9-b948edc2d703\" data-testid=\"conversation-turn-2\" data-scroll-anchor=\"true\" data-turn=\"assistant\">\n<div class=\"text-base my-auto mx-auto pb-10 [--thread-content-margin:--spacing(4)] thread-sm:[--thread-content-margin:--spacing(6)] thread-lg:[--thread-content-margin:--spacing(16)] px-(--thread-content-margin)\">\n<div class=\"[--thread-content-max-width:40rem] thread-lg:[--thread-content-max-width:48rem] mx-auto max-w-(--thread-content-max-width) flex-1 group\/turn-messages focus-visible:outline-hidden relative flex w-full min-w-0 flex-col agent-turn\" tabindex=\"-1\">\n<div class=\"flex max-w-full flex-col grow\">\n<div class=\"min-h-8 text-message relative flex w-full flex-col items-end gap-2 text-start break-words whitespace-normal [.text-message+&amp;]:mt-1\" dir=\"auto\" data-message-author-role=\"assistant\" data-message-id=\"8a1550a2-b36b-456f-b8fe-5f6674a815f1\" data-message-model-slug=\"gpt-5\">\n<div class=\"flex w-full flex-col gap-1 empty:hidden first:pt-[1px]\">\n<div class=\"markdown prose dark:prose-invert w-full break-words light markdown-new-styling\">\n<article class=\"text-token-text-primary w-full focus:outline-none [--shadow-height:45px] has-data-writing-block:pointer-events-none has-data-writing-block:-mt-(--shadow-height) has-data-writing-block:pt-(--shadow-height) [&amp;:has([data-writing-block])&gt;*]:pointer-events-auto [content-visibility:auto] supports-[content-visibility:auto]:[contain-intrinsic-size:auto_100lvh] scroll-mt-[calc(var(--header-height)+min(200px,max(70px,20svh)))]\" dir=\"auto\" tabindex=\"-1\" data-turn-id=\"444f8cf9-6d10-4636-88d9-b948edc2d703\" data-testid=\"conversation-turn-2\" data-scroll-anchor=\"true\" data-turn=\"assistant\">\n<div class=\"text-base my-auto mx-auto pb-10 [--thread-content-margin:--spacing(4)] thread-sm:[--thread-content-margin:--spacing(6)] thread-lg:[--thread-content-margin:--spacing(16)] px-(--thread-content-margin)\">\n<div class=\"[--thread-content-max-width:40rem] thread-lg:[--thread-content-max-width:48rem] mx-auto max-w-(--thread-content-max-width) flex-1 group\/turn-messages focus-visible:outline-hidden relative flex w-full min-w-0 flex-col agent-turn\" tabindex=\"-1\">\n<div class=\"flex max-w-full flex-col grow\">\n<div class=\"min-h-8 text-message relative flex w-full flex-col items-end gap-2 text-start break-words whitespace-normal [.text-message+&amp;]:mt-1\" dir=\"auto\" data-message-author-role=\"assistant\" data-message-id=\"8a1550a2-b36b-456f-b8fe-5f6674a815f1\" data-message-model-slug=\"gpt-5\">\n<div class=\"flex w-full flex-col gap-1 empty:hidden first:pt-[1px]\">\n<div class=\"markdown prose dark:prose-invert w-full break-words light markdown-new-styling\">\n<h5 class=\"ds-markdown-paragraph\"><strong>Puedes encontrarlo tambi\u00e9n\u00a0en:<\/strong><\/h5>\n<p>&nbsp;<\/p>\n<p><a href=\"https:\/\/www.cruzverde.cl\/vandes-max-suplemento-alimenticio-60-capsulas\/297899.html\" target=\"_blank\" rel=\"noopener\">\u00a0 \u00a0 \u00a0 \u00a0 \u00a0 \u00a0<img decoding=\"async\" class=\"alignnone wp-image-9260\" src=\"https:\/\/staging.vandeschile.cl\/respaldo\/wp-content\/uploads\/2025\/11\/1-300x74.png\" alt=\"\" width=\"271\" height=\"67\" srcset=\"https:\/\/staging.vandeschile.cl\/respaldo\/wp-content\/uploads\/2025\/11\/1-300x74.png 300w, https:\/\/staging.vandeschile.cl\/respaldo\/wp-content\/uploads\/2025\/11\/1-1024x251.png 1024w, https:\/\/staging.vandeschile.cl\/respaldo\/wp-content\/uploads\/2025\/11\/1-768x188.png 768w, https:\/\/staging.vandeschile.cl\/respaldo\/wp-content\/uploads\/2025\/11\/1.png 1200w\" sizes=\"(max-width: 271px) 100vw, 271px\" \/><\/a><a href=\"https:\/\/www.farmaciasahumada.cl\/vandes-max-60-capsulas-85589.html\" target=\"_blank\" rel=\"noopener\"><img decoding=\"async\" class=\"alignnone wp-image-9261 alignleft\" src=\"https:\/\/staging.vandeschile.cl\/respaldo\/wp-content\/uploads\/2025\/11\/2-2-300x74.png\" alt=\"\" width=\"236\" height=\"58\" srcset=\"https:\/\/staging.vandeschile.cl\/respaldo\/wp-content\/uploads\/2025\/11\/2-2-300x74.png 300w, https:\/\/staging.vandeschile.cl\/respaldo\/wp-content\/uploads\/2025\/11\/2-2-1024x251.png 1024w, https:\/\/staging.vandeschile.cl\/respaldo\/wp-content\/uploads\/2025\/11\/2-2-768x188.png 768w, https:\/\/staging.vandeschile.cl\/respaldo\/wp-content\/uploads\/2025\/11\/2-2.png 1200w\" sizes=\"(max-width: 236px) 100vw, 236px\" \/><\/a>\u00a0\u00a0 \u00a0 <a href=\"https:\/\/salcobrand.cl\/products\/vandes-max-60-capsulas?default_sku=1183015&amp;queryID=22e980c9ec4c2dacf98d49090f3b671f\" target=\"_blank\" rel=\"noopener\"><img decoding=\"async\" class=\"wp-image-9263 alignleft\" src=\"https:\/\/staging.vandeschile.cl\/respaldo\/wp-content\/uploads\/2025\/11\/SALCOBRAND-LOGO-300x74.png\" alt=\"\" width=\"262\" height=\"64\" srcset=\"https:\/\/staging.vandeschile.cl\/respaldo\/wp-content\/uploads\/2025\/11\/SALCOBRAND-LOGO-300x74.png 300w, https:\/\/staging.vandeschile.cl\/respaldo\/wp-content\/uploads\/2025\/11\/SALCOBRAND-LOGO-1024x251.png 1024w, https:\/\/staging.vandeschile.cl\/respaldo\/wp-content\/uploads\/2025\/11\/SALCOBRAND-LOGO-768x188.png 768w, https:\/\/staging.vandeschile.cl\/respaldo\/wp-content\/uploads\/2025\/11\/SALCOBRAND-LOGO.png 1200w\" sizes=\"(max-width: 262px) 100vw, 262px\" \/><\/a><a href=\"https:\/\/todofarma.cl\/vandes-focus-cap-x-60-und-1?srsltid=AfmBOopouP2INm5_p-JhkyJqBcFJHvj7TZSHqzcppK-1gNv4L82D9cPR\" target=\"_blank\" rel=\"noopener\"> \u00a0 \u00a0 <\/a><a href=\"https:\/\/www.saludypiel.cl\/vandes-max\" target=\"_blank\" rel=\"noopener\"><img loading=\"lazy\" decoding=\"async\" class=\"alignnone wp-image-9264 alignleft\" src=\"https:\/\/staging.vandeschile.cl\/respaldo\/wp-content\/uploads\/2025\/11\/Recurso-1@1x.png\" alt=\"\" width=\"253\" height=\"55\" \/><\/a><\/p>\n<p>&nbsp;<\/p>\n<\/div>\n<\/div>\n<\/div>\n<\/div>\n<\/div>\n<\/div>\n<\/article>\n<\/div>\n<\/div>\n<\/div>\n<\/div>\n<\/div>\n<\/div>\n<\/article>\n","protected":false},"excerpt":{"rendered":"<p>Vandes Max es un complemento alimenticio de formulaci\u00f3n avanzada, dise\u00f1ado con precisi\u00f3n para satisfacer las demandas nutricionales estructurales del cabello y las u\u00f1as. Su n\u00facleo se compone de <b>P\u00e9ptidos de Col\u00e1geno de alta biodisponibilidad<\/b>, el principal elemento proteico que proporciona la elasticidad y resistencia fundamentales para combatir la fragilidad. Este componente clave garantiza una base s\u00f3lida para la regeneraci\u00f3n y el fortalecimiento desde la matriz.<\/p>\n<p>La eficacia del producto es amplificada por una <b>matriz sin\u00e9rgica de micronutrientes esenciales<\/b>. Esta matriz incluye un espectro selecto de Vitaminas, Minerales cr\u00edticos (como Zinc y Selenio) y Amino\u00e1cidos querat\u00ednicos (L-Ciste\u00edna y L-Metionina). Estos elementos act\u00faan como cofactores en el metabolismo celular, optimizando el ciclo de crecimiento y asegurando que el cuerpo disponga del material puro necesario para construir hebras de mayor grosor y l\u00e1minas ungueales con menor tendencia al quiebre.<\/p>\n<p>Integrar Vandes Max al r\u00e9gimen diario promueve un bienestar estructural visible, traduci\u00e9ndose en <b>cabello m\u00e1s denso y resistente al quiebre<\/b>, y <b>u\u00f1as notablemente m\u00e1s firmes y saludables<\/b>. Se recomienda la ingesta de dos (2) c\u00e1psulas al d\u00eda o seg\u00fan la validaci\u00f3n y protocolo de su profesional de la salud.<\/p>\n","protected":false},"featured_media":8964,"template":"","meta":{"_monsterinsights_skip_tracking":false,"_monsterinsights_sitenote_active":false,"_monsterinsights_sitenote_note":"","_monsterinsights_sitenote_category":0},"product_brand":[76],"product_cat":[74,73],"product_tag":[71,72],"class_list":{"0":"post-8959","1":"product","2":"type-product","3":"status-publish","4":"has-post-thumbnail","6":"product_brand-vandes","7":"product_cat-peptidos-de-colageno","8":"product_cat-suplemento-alimenticio","9":"product_tag-cabello","10":"product_tag-unas","11":"product_shipping_class-a-destino","13":"first","14":"instock","15":"sale","16":"shipping-taxable","17":"purchasable","18":"product-type-simple"},"yoast_head":"<!-- This site is optimized with the Yoast SEO plugin v27.1.1 - https:\/\/yoast.com\/product\/yoast-seo-wordpress\/ -->\n<title>Vandes Max - VANDES<\/title>\n<meta name=\"description\" content=\"Transforma tu belleza con Vandes Max el complemento alimenticio espec\u00edfico para Cabellos y U\u00f1as asociado a P\u00e9ptidos de Col\u00e1geno. \u00a1Desc\u00fabrelo hoy y brilla! \u2728\" \/>\n<meta name=\"robots\" content=\"noindex, follow, max-snippet:-1, max-image-preview:large, max-video-preview:-1\" \/>\n<meta property=\"og:locale\" content=\"es_ES\" \/>\n<meta property=\"og:type\" content=\"article\" \/>\n<meta property=\"og:title\" content=\"Vandes Max - VANDES\" \/>\n<meta property=\"og:description\" content=\"Transforma tu belleza con Vandes Max el complemento alimenticio espec\u00edfico para Cabellos y U\u00f1as asociado a P\u00e9ptidos de Col\u00e1geno. \u00a1Desc\u00fabrelo hoy y brilla! \u2728\" \/>\n<meta property=\"og:url\" content=\"https:\/\/staging.vandeschile.cl\/respaldo\/producto\/vandes-max\/\" \/>\n<meta property=\"og:site_name\" content=\"VANDES\" \/>\n<meta property=\"article:modified_time\" content=\"2025-12-10T18:10:05+00:00\" \/>\n<meta property=\"og:image\" content=\"https:\/\/staging.vandeschile.cl\/respaldo\/wp-content\/uploads\/2025\/11\/297899-1.webp\" \/>\n\t<meta property=\"og:image:width\" content=\"1000\" \/>\n\t<meta property=\"og:image:height\" content=\"1000\" \/>\n\t<meta property=\"og:image:type\" content=\"image\/webp\" \/>\n<meta name=\"twitter:card\" content=\"summary_large_image\" \/>\n<meta name=\"twitter:label1\" content=\"Tiempo estimado de lectura\" \/>\n\t<meta name=\"twitter:data1\" content=\"2 minutos\" \/>\n<script type=\"application\/ld+json\" class=\"yoast-schema-graph\">{\"@context\":\"https:\/\/schema.org\",\"@graph\":[{\"@type\":\"WebPage\",\"@id\":\"https:\/\/staging.vandeschile.cl\/respaldo\/producto\/vandes-max\/\",\"url\":\"https:\/\/staging.vandeschile.cl\/respaldo\/producto\/vandes-max\/\",\"name\":\"Vandes Max - VANDES\",\"isPartOf\":{\"@id\":\"https:\/\/staging.vandeschile.cl\/respaldo\/#website\"},\"primaryImageOfPage\":{\"@id\":\"https:\/\/staging.vandeschile.cl\/respaldo\/producto\/vandes-max\/#primaryimage\"},\"image\":{\"@id\":\"https:\/\/staging.vandeschile.cl\/respaldo\/producto\/vandes-max\/#primaryimage\"},\"thumbnailUrl\":\"https:\/\/staging.vandeschile.cl\/respaldo\/wp-content\/uploads\/2025\/11\/297899-1.webp\",\"datePublished\":\"2025-11-05T13:30:46+00:00\",\"dateModified\":\"2025-12-10T18:10:05+00:00\",\"description\":\"Transforma tu belleza con Vandes Max el complemento alimenticio espec\u00edfico para Cabellos y U\u00f1as asociado a P\u00e9ptidos de Col\u00e1geno. \u00a1Desc\u00fabrelo hoy y brilla! \u2728\",\"breadcrumb\":{\"@id\":\"https:\/\/staging.vandeschile.cl\/respaldo\/producto\/vandes-max\/#breadcrumb\"},\"inLanguage\":\"es-CL\",\"potentialAction\":[{\"@type\":\"ReadAction\",\"target\":[\"https:\/\/staging.vandeschile.cl\/respaldo\/producto\/vandes-max\/\"]}]},{\"@type\":\"ImageObject\",\"inLanguage\":\"es-CL\",\"@id\":\"https:\/\/staging.vandeschile.cl\/respaldo\/producto\/vandes-max\/#primaryimage\",\"url\":\"https:\/\/staging.vandeschile.cl\/respaldo\/wp-content\/uploads\/2025\/11\/297899-1.webp\",\"contentUrl\":\"https:\/\/staging.vandeschile.cl\/respaldo\/wp-content\/uploads\/2025\/11\/297899-1.webp\",\"width\":1000,\"height\":1000},{\"@type\":\"BreadcrumbList\",\"@id\":\"https:\/\/staging.vandeschile.cl\/respaldo\/producto\/vandes-max\/#breadcrumb\",\"itemListElement\":[{\"@type\":\"ListItem\",\"position\":1,\"name\":\"Portada\",\"item\":\"https:\/\/staging.vandeschile.cl\/respaldo\/\"},{\"@type\":\"ListItem\",\"position\":2,\"name\":\"Tienda\",\"item\":\"https:\/\/staging.vandeschile.cl\/respaldo\/tienda\/\"},{\"@type\":\"ListItem\",\"position\":3,\"name\":\"Vandes Max\"}]},{\"@type\":\"WebSite\",\"@id\":\"https:\/\/staging.vandeschile.cl\/respaldo\/#website\",\"url\":\"https:\/\/staging.vandeschile.cl\/respaldo\/\",\"name\":\"VANDES\",\"description\":\"\",\"publisher\":{\"@id\":\"https:\/\/staging.vandeschile.cl\/respaldo\/#organization\"},\"potentialAction\":[{\"@type\":\"SearchAction\",\"target\":{\"@type\":\"EntryPoint\",\"urlTemplate\":\"https:\/\/staging.vandeschile.cl\/respaldo\/?s={search_term_string}\"},\"query-input\":{\"@type\":\"PropertyValueSpecification\",\"valueRequired\":true,\"valueName\":\"search_term_string\"}}],\"inLanguage\":\"es-CL\"},{\"@type\":\"Organization\",\"@id\":\"https:\/\/staging.vandeschile.cl\/respaldo\/#organization\",\"name\":\"VANDES\",\"url\":\"https:\/\/staging.vandeschile.cl\/respaldo\/\",\"logo\":{\"@type\":\"ImageObject\",\"inLanguage\":\"es-CL\",\"@id\":\"https:\/\/staging.vandeschile.cl\/respaldo\/#\/schema\/logo\/image\/\",\"url\":\"https:\/\/staging.vandeschile.cl\/respaldo\/wp-content\/uploads\/2025\/06\/cropped-cropped-Diseno-sin-titulo-1-1.webp\",\"contentUrl\":\"https:\/\/staging.vandeschile.cl\/respaldo\/wp-content\/uploads\/2025\/06\/cropped-cropped-Diseno-sin-titulo-1-1.webp\",\"width\":1758,\"height\":314,\"caption\":\"VANDES\"},\"image\":{\"@id\":\"https:\/\/staging.vandeschile.cl\/respaldo\/#\/schema\/logo\/image\/\"},\"sameAs\":[\"https:\/\/www.instagram.com\/vandesoficial\"]}]}<\/script>\n<!-- \/ Yoast SEO plugin. -->","yoast_head_json":{"title":"Vandes Max - VANDES","description":"Transforma tu belleza con Vandes Max el complemento alimenticio espec\u00edfico para Cabellos y U\u00f1as asociado a P\u00e9ptidos de Col\u00e1geno. \u00a1Desc\u00fabrelo hoy y brilla! \u2728","robots":{"index":"noindex","follow":"follow","max-snippet":"max-snippet:-1","max-image-preview":"max-image-preview:large","max-video-preview":"max-video-preview:-1"},"og_locale":"es_ES","og_type":"article","og_title":"Vandes Max - VANDES","og_description":"Transforma tu belleza con Vandes Max el complemento alimenticio espec\u00edfico para Cabellos y U\u00f1as asociado a P\u00e9ptidos de Col\u00e1geno. \u00a1Desc\u00fabrelo hoy y brilla! \u2728","og_url":"https:\/\/staging.vandeschile.cl\/respaldo\/producto\/vandes-max\/","og_site_name":"VANDES","article_modified_time":"2025-12-10T18:10:05+00:00","og_image":[{"width":1000,"height":1000,"url":"https:\/\/staging.vandeschile.cl\/respaldo\/wp-content\/uploads\/2025\/11\/297899-1.webp","type":"image\/webp"}],"twitter_card":"summary_large_image","twitter_misc":{"Tiempo estimado de lectura":"2 minutos"},"schema":{"@context":"https:\/\/schema.org","@graph":[{"@type":"WebPage","@id":"https:\/\/staging.vandeschile.cl\/respaldo\/producto\/vandes-max\/","url":"https:\/\/staging.vandeschile.cl\/respaldo\/producto\/vandes-max\/","name":"Vandes Max - VANDES","isPartOf":{"@id":"https:\/\/staging.vandeschile.cl\/respaldo\/#website"},"primaryImageOfPage":{"@id":"https:\/\/staging.vandeschile.cl\/respaldo\/producto\/vandes-max\/#primaryimage"},"image":{"@id":"https:\/\/staging.vandeschile.cl\/respaldo\/producto\/vandes-max\/#primaryimage"},"thumbnailUrl":"https:\/\/staging.vandeschile.cl\/respaldo\/wp-content\/uploads\/2025\/11\/297899-1.webp","datePublished":"2025-11-05T13:30:46+00:00","dateModified":"2025-12-10T18:10:05+00:00","description":"Transforma tu belleza con Vandes Max el complemento alimenticio espec\u00edfico para Cabellos y U\u00f1as asociado a P\u00e9ptidos de Col\u00e1geno. \u00a1Desc\u00fabrelo hoy y brilla! \u2728","breadcrumb":{"@id":"https:\/\/staging.vandeschile.cl\/respaldo\/producto\/vandes-max\/#breadcrumb"},"inLanguage":"es-CL","potentialAction":[{"@type":"ReadAction","target":["https:\/\/staging.vandeschile.cl\/respaldo\/producto\/vandes-max\/"]}]},{"@type":"ImageObject","inLanguage":"es-CL","@id":"https:\/\/staging.vandeschile.cl\/respaldo\/producto\/vandes-max\/#primaryimage","url":"https:\/\/staging.vandeschile.cl\/respaldo\/wp-content\/uploads\/2025\/11\/297899-1.webp","contentUrl":"https:\/\/staging.vandeschile.cl\/respaldo\/wp-content\/uploads\/2025\/11\/297899-1.webp","width":1000,"height":1000},{"@type":"BreadcrumbList","@id":"https:\/\/staging.vandeschile.cl\/respaldo\/producto\/vandes-max\/#breadcrumb","itemListElement":[{"@type":"ListItem","position":1,"name":"Portada","item":"https:\/\/staging.vandeschile.cl\/respaldo\/"},{"@type":"ListItem","position":2,"name":"Tienda","item":"https:\/\/staging.vandeschile.cl\/respaldo\/tienda\/"},{"@type":"ListItem","position":3,"name":"Vandes Max"}]},{"@type":"WebSite","@id":"https:\/\/staging.vandeschile.cl\/respaldo\/#website","url":"https:\/\/staging.vandeschile.cl\/respaldo\/","name":"VANDES","description":"","publisher":{"@id":"https:\/\/staging.vandeschile.cl\/respaldo\/#organization"},"potentialAction":[{"@type":"SearchAction","target":{"@type":"EntryPoint","urlTemplate":"https:\/\/staging.vandeschile.cl\/respaldo\/?s={search_term_string}"},"query-input":{"@type":"PropertyValueSpecification","valueRequired":true,"valueName":"search_term_string"}}],"inLanguage":"es-CL"},{"@type":"Organization","@id":"https:\/\/staging.vandeschile.cl\/respaldo\/#organization","name":"VANDES","url":"https:\/\/staging.vandeschile.cl\/respaldo\/","logo":{"@type":"ImageObject","inLanguage":"es-CL","@id":"https:\/\/staging.vandeschile.cl\/respaldo\/#\/schema\/logo\/image\/","url":"https:\/\/staging.vandeschile.cl\/respaldo\/wp-content\/uploads\/2025\/06\/cropped-cropped-Diseno-sin-titulo-1-1.webp","contentUrl":"https:\/\/staging.vandeschile.cl\/respaldo\/wp-content\/uploads\/2025\/06\/cropped-cropped-Diseno-sin-titulo-1-1.webp","width":1758,"height":314,"caption":"VANDES"},"image":{"@id":"https:\/\/staging.vandeschile.cl\/respaldo\/#\/schema\/logo\/image\/"},"sameAs":["https:\/\/www.instagram.com\/vandesoficial"]}]}},"_links":{"self":[{"href":"https:\/\/staging.vandeschile.cl\/respaldo\/wp-json\/wp\/v2\/product\/8959","targetHints":{"allow":["GET"]}}],"collection":[{"href":"https:\/\/staging.vandeschile.cl\/respaldo\/wp-json\/wp\/v2\/product"}],"about":[{"href":"https:\/\/staging.vandeschile.cl\/respaldo\/wp-json\/wp\/v2\/types\/product"}],"wp:featuredmedia":[{"embeddable":true,"href":"https:\/\/staging.vandeschile.cl\/respaldo\/wp-json\/wp\/v2\/media\/8964"}],"wp:attachment":[{"href":"https:\/\/staging.vandeschile.cl\/respaldo\/wp-json\/wp\/v2\/media?parent=8959"}],"wp:term":[{"taxonomy":"product_brand","embeddable":true,"href":"https:\/\/staging.vandeschile.cl\/respaldo\/wp-json\/wp\/v2\/product_brand?post=8959"},{"taxonomy":"product_cat","embeddable":true,"href":"https:\/\/staging.vandeschile.cl\/respaldo\/wp-json\/wp\/v2\/product_cat?post=8959"},{"taxonomy":"product_tag","embeddable":true,"href":"https:\/\/staging.vandeschile.cl\/respaldo\/wp-json\/wp\/v2\/product_tag?post=8959"}],"curies":[{"name":"wp","href":"https:\/\/api.w.org\/{rel}","templated":true}]}}