{"id":8979,"date":"2025-11-05T12:35:04","date_gmt":"2025-11-05T15:35:04","guid":{"rendered":"https:\/\/vandeschile.cl\/?post_type=product&#038;p=8979"},"modified":"2025-12-10T15:06:27","modified_gmt":"2025-12-10T18:06:27","slug":"vandes-aox","status":"publish","type":"product","link":"https:\/\/staging.vandeschile.cl\/respaldo\/producto\/vandes-aox\/","title":{"rendered":"Vandes AOX  &#8211; Astaxantina natural"},"content":{"rendered":"<article class=\"text-token-text-primary w-full focus:outline-none [--shadow-height:45px] has-data-writing-block:pointer-events-none has-data-writing-block:-mt-(--shadow-height) has-data-writing-block:pt-(--shadow-height) [&amp;:has([data-writing-block])&gt;*]:pointer-events-auto [content-visibility:auto] supports-[content-visibility:auto]:[contain-intrinsic-size:auto_100lvh] scroll-mt-[calc(var(--header-height)+min(200px,max(70px,20svh)))]\" dir=\"auto\" tabindex=\"-1\" data-turn-id=\"444f8cf9-6d10-4636-88d9-b948edc2d703\" data-testid=\"conversation-turn-2\" data-scroll-anchor=\"true\" data-turn=\"assistant\">\n<div class=\"text-base my-auto mx-auto pb-10 [--thread-content-margin:--spacing(4)] thread-sm:[--thread-content-margin:--spacing(6)] thread-lg:[--thread-content-margin:--spacing(16)] px-(--thread-content-margin)\">\n<div class=\"[--thread-content-max-width:40rem] thread-lg:[--thread-content-max-width:48rem] mx-auto max-w-(--thread-content-max-width) flex-1 group\/turn-messages focus-visible:outline-hidden relative flex w-full min-w-0 flex-col agent-turn\" tabindex=\"-1\">\n<div class=\"flex max-w-full flex-col grow\">\n<div class=\"min-h-8 text-message relative flex w-full flex-col items-end gap-2 text-start break-words whitespace-normal [.text-message+&amp;]:mt-1\" dir=\"auto\" data-message-author-role=\"assistant\" data-message-id=\"8a1550a2-b36b-456f-b8fe-5f6674a815f1\" data-message-model-slug=\"gpt-5\">\n<div class=\"flex w-full flex-col gap-1 empty:hidden first:pt-[1px]\">\n<div class=\"markdown prose dark:prose-invert w-full break-words light markdown-new-styling\">\n<article class=\"text-token-text-primary w-full focus:outline-none [--shadow-height:45px] has-data-writing-block:pointer-events-none has-data-writing-block:-mt-(--shadow-height) has-data-writing-block:pt-(--shadow-height) [&amp;:has([data-writing-block])&gt;*]:pointer-events-auto [content-visibility:auto] supports-[content-visibility:auto]:[contain-intrinsic-size:auto_100lvh] scroll-mt-[calc(var(--header-height)+min(200px,max(70px,20svh)))]\" dir=\"auto\" tabindex=\"-1\" data-turn-id=\"444f8cf9-6d10-4636-88d9-b948edc2d703\" data-testid=\"conversation-turn-2\" data-scroll-anchor=\"true\" data-turn=\"assistant\">\n<div class=\"text-base my-auto mx-auto pb-10 [--thread-content-margin:--spacing(4)] thread-sm:[--thread-content-margin:--spacing(6)] thread-lg:[--thread-content-margin:--spacing(16)] px-(--thread-content-margin)\">\n<div class=\"[--thread-content-max-width:40rem] thread-lg:[--thread-content-max-width:48rem] mx-auto max-w-(--thread-content-max-width) flex-1 group\/turn-messages focus-visible:outline-hidden relative flex w-full min-w-0 flex-col agent-turn\" tabindex=\"-1\">\n<div class=\"flex max-w-full flex-col grow\">\n<div class=\"min-h-8 text-message relative flex w-full flex-col items-end gap-2 text-start break-words whitespace-normal [.text-message+&amp;]:mt-1\" dir=\"auto\" data-message-author-role=\"assistant\" data-message-id=\"8a1550a2-b36b-456f-b8fe-5f6674a815f1\" data-message-model-slug=\"gpt-5\">\n<div class=\"flex w-full flex-col gap-1 empty:hidden first:pt-[1px]\">\n<div class=\"markdown prose dark:prose-invert w-full break-words light markdown-new-styling\">\n<h5 class=\"ds-markdown-paragraph\"><strong>Puedes encontrarlo tambi\u00e9n\u00a0en:<\/strong><\/h5>\n<p>&nbsp;<\/p>\n<p><a href=\"https:\/\/www.cruzverde.cl\/vandes-aox-astaxantina-30-capsulas\/561370.html\" target=\"_blank\" rel=\"noopener\">\u00a0 \u00a0 \u00a0 \u00a0 \u00a0 \u00a0<img decoding=\"async\" class=\"alignnone wp-image-9260\" src=\"https:\/\/staging.vandeschile.cl\/respaldo\/wp-content\/uploads\/2025\/11\/1-300x74.png\" alt=\"\" width=\"271\" height=\"67\" srcset=\"https:\/\/staging.vandeschile.cl\/respaldo\/wp-content\/uploads\/2025\/11\/1-300x74.png 300w, https:\/\/staging.vandeschile.cl\/respaldo\/wp-content\/uploads\/2025\/11\/1-1024x251.png 1024w, https:\/\/staging.vandeschile.cl\/respaldo\/wp-content\/uploads\/2025\/11\/1-768x188.png 768w, https:\/\/staging.vandeschile.cl\/respaldo\/wp-content\/uploads\/2025\/11\/1.png 1200w\" sizes=\"(max-width: 271px) 100vw, 271px\" \/><\/a><a href=\"https:\/\/www.farmaciasahumada.cl\/vandes-aox-30-capsulas-93332.html\" target=\"_blank\" rel=\"noopener\"><img decoding=\"async\" class=\"alignnone wp-image-9261 alignleft\" src=\"https:\/\/staging.vandeschile.cl\/respaldo\/wp-content\/uploads\/2025\/11\/2-2-300x74.png\" alt=\"\" width=\"236\" height=\"58\" srcset=\"https:\/\/staging.vandeschile.cl\/respaldo\/wp-content\/uploads\/2025\/11\/2-2-300x74.png 300w, https:\/\/staging.vandeschile.cl\/respaldo\/wp-content\/uploads\/2025\/11\/2-2-1024x251.png 1024w, https:\/\/staging.vandeschile.cl\/respaldo\/wp-content\/uploads\/2025\/11\/2-2-768x188.png 768w, https:\/\/staging.vandeschile.cl\/respaldo\/wp-content\/uploads\/2025\/11\/2-2.png 1200w\" sizes=\"(max-width: 236px) 100vw, 236px\" \/><\/a>\u00a0\u00a0 \u00a0 <a href=\"https:\/\/salcobrand.cl\/products\/vandes-aox-astaxantina-30-capsulas?default_sku=587158&amp;queryID=84740316d2684cbd0c41d6d642d21a0d\" target=\"_blank\" rel=\"noopener\"><img decoding=\"async\" class=\"wp-image-9263 alignleft\" src=\"https:\/\/staging.vandeschile.cl\/respaldo\/wp-content\/uploads\/2025\/11\/SALCOBRAND-LOGO-300x74.png\" alt=\"\" width=\"262\" height=\"64\" srcset=\"https:\/\/staging.vandeschile.cl\/respaldo\/wp-content\/uploads\/2025\/11\/SALCOBRAND-LOGO-300x74.png 300w, https:\/\/staging.vandeschile.cl\/respaldo\/wp-content\/uploads\/2025\/11\/SALCOBRAND-LOGO-1024x251.png 1024w, https:\/\/staging.vandeschile.cl\/respaldo\/wp-content\/uploads\/2025\/11\/SALCOBRAND-LOGO-768x188.png 768w, https:\/\/staging.vandeschile.cl\/respaldo\/wp-content\/uploads\/2025\/11\/SALCOBRAND-LOGO.png 1200w\" sizes=\"(max-width: 262px) 100vw, 262px\" \/><\/a><a href=\"https:\/\/todofarma.cl\/vandes-focus-cap-x-60-und-1?srsltid=AfmBOopouP2INm5_p-JhkyJqBcFJHvj7TZSHqzcppK-1gNv4L82D9cPR\" target=\"_blank\" rel=\"noopener\"> \u00a0 \u00a0 <\/a><a href=\"https:\/\/www.saludypiel.cl\/vandes-aox\" target=\"_blank\" rel=\"noopener\"><img loading=\"lazy\" decoding=\"async\" class=\"alignnone wp-image-9264 alignleft\" src=\"https:\/\/staging.vandeschile.cl\/respaldo\/wp-content\/uploads\/2025\/11\/Recurso-1@1x.png\" alt=\"\" width=\"253\" height=\"55\" \/><\/a><\/p>\n<p>&nbsp;<\/p>\n<\/div>\n<\/div>\n<\/div>\n<\/div>\n<\/div>\n<\/div>\n<\/article>\n<\/div>\n<\/div>\n<\/div>\n<\/div>\n<\/div>\n<\/div>\n<\/article>\n","protected":false},"excerpt":{"rendered":"<p>Vandes AOX es un Suplemento Alimentario de alta precisi\u00f3n, formulado para ofrecer una defensa integral y superior contra el da\u00f1o oxidativo. Su n\u00facleo es la <b>Astaxantina de Origen Natural<\/b> (extra\u00edda de <i>Haematococcus pluvialis<\/i>), reconocida por ser uno de los antioxidantes m\u00e1s potentes, capaz de neutralizar m\u00faltiples radicales libres y atravesar barreras biol\u00f3gicas cr\u00edticas (hematoencef\u00e1lica y mitocondrial).<\/p>\n<p>Esta acci\u00f3n antioxidante de vanguardia es estrat\u00e9gicamente reforzada por un complejo sin\u00e9rgico de <b>Vitamina C, Vitamina E, Selenio y Zinc<\/b>, lo que garantiza una protecci\u00f3n completa en todas las \u00e1reas de la c\u00e9lula (membranas y citoplasma). La efectividad de Vandes AOX se extiende a diversas funciones biol\u00f3gicas: act\u00faa como un &#8220;escudo solar&#8221; interno que <b>protege la piel del fotoenvejecimiento<\/b> y <b>reduce arrugas<\/b>, <b>mejora la salud ocular<\/b> (combate la fatiga frente a pantallas) y <b>acelera la recuperaci\u00f3n post-ejercicio<\/b> al reducir la inflamaci\u00f3n muscular. Adem\u00e1s, contribuye a la <b>salud cardiovascular<\/b> al mejorar el perfil lip\u00eddico y fortifica el <b>sistema inmunol\u00f3gico<\/b>, ofreciendo una protecci\u00f3n completa contra el deterioro celular sist\u00e9mico.<\/p>\n<p>Vandes AOX es la inversi\u00f3n anal\u00edtica en longevidad celular. Su formulaci\u00f3n est\u00e1 cient\u00edficamente respaldada para mejorar la funci\u00f3n y resistencia de \u00f3rganos y tejidos.<\/p>\n","protected":false},"featured_media":8980,"template":"","meta":{"_monsterinsights_skip_tracking":false,"_monsterinsights_sitenote_active":false,"_monsterinsights_sitenote_note":"","_monsterinsights_sitenote_category":0},"product_brand":[76],"product_cat":[79,78,73],"product_tag":[81,80,77],"class_list":{"0":"post-8979","1":"product","2":"type-product","3":"status-publish","4":"has-post-thumbnail","6":"product_brand-vandes","7":"product_cat-antioxidante","8":"product_cat-astaxantina-natural","9":"product_cat-suplemento-alimenticio","10":"product_tag-musculos","11":"product_tag-ojos","12":"product_tag-piel","13":"product_shipping_class-a-destino","15":"first","16":"instock","17":"sale","18":"shipping-taxable","19":"purchasable","20":"product-type-simple"},"yoast_head":"<!-- This site is optimized with the Yoast SEO plugin v27.1.1 - https:\/\/yoast.com\/product\/yoast-seo-wordpress\/ -->\n<title>Vandes AOX - Astaxantina natural<\/title>\n<meta name=\"description\" content=\"Potencia tu salud con Vandes AOX - Astaxantina natural, un aliado esencial para tu bienestar. Comienza tu viaje hacia una vida m\u00e1s saludable hoy.\" \/>\n<meta name=\"robots\" content=\"noindex, follow, max-snippet:-1, max-image-preview:large, max-video-preview:-1\" \/>\n<meta property=\"og:locale\" content=\"es_ES\" \/>\n<meta property=\"og:type\" content=\"article\" \/>\n<meta property=\"og:title\" content=\"Vandes AOX - Astaxantina natural\" \/>\n<meta property=\"og:description\" content=\"Potencia tu salud con Vandes AOX - Astaxantina natural, un aliado esencial para tu bienestar. Comienza tu viaje hacia una vida m\u00e1s saludable hoy.\" \/>\n<meta property=\"og:url\" content=\"https:\/\/staging.vandeschile.cl\/respaldo\/producto\/vandes-aox\/\" \/>\n<meta property=\"og:site_name\" content=\"VANDES\" \/>\n<meta property=\"article:modified_time\" content=\"2025-12-10T18:06:27+00:00\" \/>\n<meta property=\"og:image\" content=\"https:\/\/staging.vandeschile.cl\/respaldo\/wp-content\/uploads\/2025\/11\/561370-2-vandes-AOX-astaxantina-30-capsulas.jpg\" \/>\n\t<meta property=\"og:image:width\" content=\"1000\" \/>\n\t<meta property=\"og:image:height\" content=\"1000\" \/>\n\t<meta property=\"og:image:type\" content=\"image\/jpeg\" \/>\n<meta name=\"twitter:card\" content=\"summary_large_image\" \/>\n<meta name=\"twitter:label1\" content=\"Tiempo estimado de lectura\" \/>\n\t<meta name=\"twitter:data1\" content=\"2 minutos\" \/>\n<script type=\"application\/ld+json\" class=\"yoast-schema-graph\">{\"@context\":\"https:\/\/schema.org\",\"@graph\":[{\"@type\":\"WebPage\",\"@id\":\"https:\/\/staging.vandeschile.cl\/respaldo\/producto\/vandes-aox\/\",\"url\":\"https:\/\/staging.vandeschile.cl\/respaldo\/producto\/vandes-aox\/\",\"name\":\"Vandes AOX - Astaxantina natural\",\"isPartOf\":{\"@id\":\"https:\/\/staging.vandeschile.cl\/respaldo\/#website\"},\"primaryImageOfPage\":{\"@id\":\"https:\/\/staging.vandeschile.cl\/respaldo\/producto\/vandes-aox\/#primaryimage\"},\"image\":{\"@id\":\"https:\/\/staging.vandeschile.cl\/respaldo\/producto\/vandes-aox\/#primaryimage\"},\"thumbnailUrl\":\"https:\/\/staging.vandeschile.cl\/respaldo\/wp-content\/uploads\/2025\/11\/561370-2-vandes-AOX-astaxantina-30-capsulas.jpg\",\"datePublished\":\"2025-11-05T15:35:04+00:00\",\"dateModified\":\"2025-12-10T18:06:27+00:00\",\"description\":\"Potencia tu salud con Vandes AOX - Astaxantina natural, un aliado esencial para tu bienestar. Comienza tu viaje hacia una vida m\u00e1s saludable hoy.\",\"breadcrumb\":{\"@id\":\"https:\/\/staging.vandeschile.cl\/respaldo\/producto\/vandes-aox\/#breadcrumb\"},\"inLanguage\":\"es-CL\",\"potentialAction\":[{\"@type\":\"ReadAction\",\"target\":[\"https:\/\/staging.vandeschile.cl\/respaldo\/producto\/vandes-aox\/\"]}]},{\"@type\":\"ImageObject\",\"inLanguage\":\"es-CL\",\"@id\":\"https:\/\/staging.vandeschile.cl\/respaldo\/producto\/vandes-aox\/#primaryimage\",\"url\":\"https:\/\/staging.vandeschile.cl\/respaldo\/wp-content\/uploads\/2025\/11\/561370-2-vandes-AOX-astaxantina-30-capsulas.jpg\",\"contentUrl\":\"https:\/\/staging.vandeschile.cl\/respaldo\/wp-content\/uploads\/2025\/11\/561370-2-vandes-AOX-astaxantina-30-capsulas.jpg\",\"width\":1000,\"height\":1000},{\"@type\":\"BreadcrumbList\",\"@id\":\"https:\/\/staging.vandeschile.cl\/respaldo\/producto\/vandes-aox\/#breadcrumb\",\"itemListElement\":[{\"@type\":\"ListItem\",\"position\":1,\"name\":\"Portada\",\"item\":\"https:\/\/staging.vandeschile.cl\/respaldo\/\"},{\"@type\":\"ListItem\",\"position\":2,\"name\":\"Tienda\",\"item\":\"https:\/\/staging.vandeschile.cl\/respaldo\/tienda\/\"},{\"@type\":\"ListItem\",\"position\":3,\"name\":\"Vandes AOX &#8211; Astaxantina natural\"}]},{\"@type\":\"WebSite\",\"@id\":\"https:\/\/staging.vandeschile.cl\/respaldo\/#website\",\"url\":\"https:\/\/staging.vandeschile.cl\/respaldo\/\",\"name\":\"VANDES\",\"description\":\"\",\"publisher\":{\"@id\":\"https:\/\/staging.vandeschile.cl\/respaldo\/#organization\"},\"potentialAction\":[{\"@type\":\"SearchAction\",\"target\":{\"@type\":\"EntryPoint\",\"urlTemplate\":\"https:\/\/staging.vandeschile.cl\/respaldo\/?s={search_term_string}\"},\"query-input\":{\"@type\":\"PropertyValueSpecification\",\"valueRequired\":true,\"valueName\":\"search_term_string\"}}],\"inLanguage\":\"es-CL\"},{\"@type\":\"Organization\",\"@id\":\"https:\/\/staging.vandeschile.cl\/respaldo\/#organization\",\"name\":\"VANDES\",\"url\":\"https:\/\/staging.vandeschile.cl\/respaldo\/\",\"logo\":{\"@type\":\"ImageObject\",\"inLanguage\":\"es-CL\",\"@id\":\"https:\/\/staging.vandeschile.cl\/respaldo\/#\/schema\/logo\/image\/\",\"url\":\"https:\/\/staging.vandeschile.cl\/respaldo\/wp-content\/uploads\/2025\/06\/cropped-cropped-Diseno-sin-titulo-1-1.webp\",\"contentUrl\":\"https:\/\/staging.vandeschile.cl\/respaldo\/wp-content\/uploads\/2025\/06\/cropped-cropped-Diseno-sin-titulo-1-1.webp\",\"width\":1758,\"height\":314,\"caption\":\"VANDES\"},\"image\":{\"@id\":\"https:\/\/staging.vandeschile.cl\/respaldo\/#\/schema\/logo\/image\/\"},\"sameAs\":[\"https:\/\/www.instagram.com\/vandesoficial\"]}]}<\/script>\n<!-- \/ Yoast SEO plugin. -->","yoast_head_json":{"title":"Vandes AOX - Astaxantina natural","description":"Potencia tu salud con Vandes AOX - Astaxantina natural, un aliado esencial para tu bienestar. Comienza tu viaje hacia una vida m\u00e1s saludable hoy.","robots":{"index":"noindex","follow":"follow","max-snippet":"max-snippet:-1","max-image-preview":"max-image-preview:large","max-video-preview":"max-video-preview:-1"},"og_locale":"es_ES","og_type":"article","og_title":"Vandes AOX - Astaxantina natural","og_description":"Potencia tu salud con Vandes AOX - Astaxantina natural, un aliado esencial para tu bienestar. Comienza tu viaje hacia una vida m\u00e1s saludable hoy.","og_url":"https:\/\/staging.vandeschile.cl\/respaldo\/producto\/vandes-aox\/","og_site_name":"VANDES","article_modified_time":"2025-12-10T18:06:27+00:00","og_image":[{"width":1000,"height":1000,"url":"https:\/\/staging.vandeschile.cl\/respaldo\/wp-content\/uploads\/2025\/11\/561370-2-vandes-AOX-astaxantina-30-capsulas.jpg","type":"image\/jpeg"}],"twitter_card":"summary_large_image","twitter_misc":{"Tiempo estimado de lectura":"2 minutos"},"schema":{"@context":"https:\/\/schema.org","@graph":[{"@type":"WebPage","@id":"https:\/\/staging.vandeschile.cl\/respaldo\/producto\/vandes-aox\/","url":"https:\/\/staging.vandeschile.cl\/respaldo\/producto\/vandes-aox\/","name":"Vandes AOX - Astaxantina natural","isPartOf":{"@id":"https:\/\/staging.vandeschile.cl\/respaldo\/#website"},"primaryImageOfPage":{"@id":"https:\/\/staging.vandeschile.cl\/respaldo\/producto\/vandes-aox\/#primaryimage"},"image":{"@id":"https:\/\/staging.vandeschile.cl\/respaldo\/producto\/vandes-aox\/#primaryimage"},"thumbnailUrl":"https:\/\/staging.vandeschile.cl\/respaldo\/wp-content\/uploads\/2025\/11\/561370-2-vandes-AOX-astaxantina-30-capsulas.jpg","datePublished":"2025-11-05T15:35:04+00:00","dateModified":"2025-12-10T18:06:27+00:00","description":"Potencia tu salud con Vandes AOX - Astaxantina natural, un aliado esencial para tu bienestar. Comienza tu viaje hacia una vida m\u00e1s saludable hoy.","breadcrumb":{"@id":"https:\/\/staging.vandeschile.cl\/respaldo\/producto\/vandes-aox\/#breadcrumb"},"inLanguage":"es-CL","potentialAction":[{"@type":"ReadAction","target":["https:\/\/staging.vandeschile.cl\/respaldo\/producto\/vandes-aox\/"]}]},{"@type":"ImageObject","inLanguage":"es-CL","@id":"https:\/\/staging.vandeschile.cl\/respaldo\/producto\/vandes-aox\/#primaryimage","url":"https:\/\/staging.vandeschile.cl\/respaldo\/wp-content\/uploads\/2025\/11\/561370-2-vandes-AOX-astaxantina-30-capsulas.jpg","contentUrl":"https:\/\/staging.vandeschile.cl\/respaldo\/wp-content\/uploads\/2025\/11\/561370-2-vandes-AOX-astaxantina-30-capsulas.jpg","width":1000,"height":1000},{"@type":"BreadcrumbList","@id":"https:\/\/staging.vandeschile.cl\/respaldo\/producto\/vandes-aox\/#breadcrumb","itemListElement":[{"@type":"ListItem","position":1,"name":"Portada","item":"https:\/\/staging.vandeschile.cl\/respaldo\/"},{"@type":"ListItem","position":2,"name":"Tienda","item":"https:\/\/staging.vandeschile.cl\/respaldo\/tienda\/"},{"@type":"ListItem","position":3,"name":"Vandes AOX &#8211; Astaxantina natural"}]},{"@type":"WebSite","@id":"https:\/\/staging.vandeschile.cl\/respaldo\/#website","url":"https:\/\/staging.vandeschile.cl\/respaldo\/","name":"VANDES","description":"","publisher":{"@id":"https:\/\/staging.vandeschile.cl\/respaldo\/#organization"},"potentialAction":[{"@type":"SearchAction","target":{"@type":"EntryPoint","urlTemplate":"https:\/\/staging.vandeschile.cl\/respaldo\/?s={search_term_string}"},"query-input":{"@type":"PropertyValueSpecification","valueRequired":true,"valueName":"search_term_string"}}],"inLanguage":"es-CL"},{"@type":"Organization","@id":"https:\/\/staging.vandeschile.cl\/respaldo\/#organization","name":"VANDES","url":"https:\/\/staging.vandeschile.cl\/respaldo\/","logo":{"@type":"ImageObject","inLanguage":"es-CL","@id":"https:\/\/staging.vandeschile.cl\/respaldo\/#\/schema\/logo\/image\/","url":"https:\/\/staging.vandeschile.cl\/respaldo\/wp-content\/uploads\/2025\/06\/cropped-cropped-Diseno-sin-titulo-1-1.webp","contentUrl":"https:\/\/staging.vandeschile.cl\/respaldo\/wp-content\/uploads\/2025\/06\/cropped-cropped-Diseno-sin-titulo-1-1.webp","width":1758,"height":314,"caption":"VANDES"},"image":{"@id":"https:\/\/staging.vandeschile.cl\/respaldo\/#\/schema\/logo\/image\/"},"sameAs":["https:\/\/www.instagram.com\/vandesoficial"]}]}},"_links":{"self":[{"href":"https:\/\/staging.vandeschile.cl\/respaldo\/wp-json\/wp\/v2\/product\/8979","targetHints":{"allow":["GET"]}}],"collection":[{"href":"https:\/\/staging.vandeschile.cl\/respaldo\/wp-json\/wp\/v2\/product"}],"about":[{"href":"https:\/\/staging.vandeschile.cl\/respaldo\/wp-json\/wp\/v2\/types\/product"}],"wp:featuredmedia":[{"embeddable":true,"href":"https:\/\/staging.vandeschile.cl\/respaldo\/wp-json\/wp\/v2\/media\/8980"}],"wp:attachment":[{"href":"https:\/\/staging.vandeschile.cl\/respaldo\/wp-json\/wp\/v2\/media?parent=8979"}],"wp:term":[{"taxonomy":"product_brand","embeddable":true,"href":"https:\/\/staging.vandeschile.cl\/respaldo\/wp-json\/wp\/v2\/product_brand?post=8979"},{"taxonomy":"product_cat","embeddable":true,"href":"https:\/\/staging.vandeschile.cl\/respaldo\/wp-json\/wp\/v2\/product_cat?post=8979"},{"taxonomy":"product_tag","embeddable":true,"href":"https:\/\/staging.vandeschile.cl\/respaldo\/wp-json\/wp\/v2\/product_tag?post=8979"}],"curies":[{"name":"wp","href":"https:\/\/api.w.org\/{rel}","templated":true}]}}